{"id":1304,"date":"2015-08-28T09:11:54","date_gmt":"2015-08-28T13:11:54","guid":{"rendered":"http:\/\/www.northstarwindows.com\/fr\/?page_id=1304"},"modified":"2020-12-03T11:15:28","modified_gmt":"2020-12-03T16:15:28","slug":"a-propos-de-nous","status":"publish","type":"page","link":"http:\/\/northstar.jkmprojects.com\/fr\/a-propos-de-nous\/","title":{"rendered":"\u00c0 propos de nous"},"content":{"rendered":"<p>Des fen\u00eatres et des portes de premier choix. Un excellent service. Un rapport qualit\u00e9-prix exceptionnel.<\/p>\n<p>Depuis 1985, North Star s\u2019av\u00e8re un chef de file de l\u2019industrie en mati\u00e8re de fabrication de fen\u00eatres et de portes patio coulissantes de vinyle aussi attrayantes qu\u2019\u00e9co\u00e9nerg\u00e9tiques. En effet, que vous soyez \u00e0 b\u00e2tir une maison neuve ou \u00e0 moderniser aux normes d\u2019aujourd\u2019hui, North Star offre un vaste \u00e9ventail de fen\u00eatres \u00e9co\u00e9nerg\u00e9tiques de qualit\u00e9 haut de gamme qui sont non seulement esth\u00e9tiques mais qui offrent aussi un rapport qualit\u00e9-prix exceptionnel.<\/p>\n<p>Visitez North Star et voyez comment vos fen\u00eatres et vos portes sont fabriqu\u00e9es.<\/p>\n<p>Nous nous sommes engag\u00e9s \u00e0 recourir aux meilleures techniques de fabrication qui soient et nous veillons \u00e0 ce que tous nos produits d\u00e9passent invariablement les normes de l\u2019industrie.<\/p>\n<p>Le tout est soutenu par un r\u00e9seau de marchands qui ont la r\u00e9putation d\u2019offrir un travail de qualit\u00e9 et un service \u00e0 la client\u00e8le attentionn\u00e9. Bref, cela fait plus de 25 ans que la soci\u00e9t\u00e9 North Star fabrique des portes et fen\u00eatres de premier choix et qu\u2019elle offre un excellent service de m\u00eame qu\u2019un rapport qualit\u00e9-prix exceptionnel.<\/p>\n<p><a class=\"brochure-btn\" href=\"\/wp-content\/uploads\/2015\/08\/Enviromade_FRENCH.pdf\" target=\"_blank\" rel=\"noopener noreferrer\" name=\"green\">T\u00e9l\u00e9charger le prospectus \u00ab Jetez un coup d&rsquo;\u0153il \u00e0 une vue plus verte \u00bb<\/a><\/p>\n<p><a class=\"brochure-btn\" href=\"\/wp-content\/uploads\/2017\/07\/Windows1000_Series_Brochure_FRENCH.pdf\" target=\"_blank\" rel=\"noopener noreferrer\">T\u00e9l\u00e9charger le prospectus de s\u00e9rie 1000<\/a><\/p>\n<p><!-- <a class=\"brochure-btn\" href=\"\/wp-content\/uploads\/2015\/09\/windows-doors.pdf\" target=\"_blank\" rel=\"noopener noreferrer\">T\u00e9l\u00e9charger le Guide<\/a> --><\/p>\n","protected":false},"excerpt":{"rendered":"<p>Des fen\u00eatres et des portes de premier choix. Un excellent service. Un rapport qualit\u00e9-prix exceptionnel. Depuis 1985, North Star s\u2019av\u00e8re un chef de file de l\u2019industrie en mati\u00e8re de fabrication de fen\u00eatres et de portes patio coulissantes de vinyle aussi attrayantes qu\u2019\u00e9co\u00e9nerg\u00e9tiques. En effet, que vous soyez \u00e0 b\u00e2tir une maison neuve ou \u00e0 moderniser [&hellip;]<\/p>\n","protected":false},"author":735,"featured_media":0,"parent":0,"menu_order":0,"comment_status":"closed","ping_status":"open","template":"template-sidebar.php","meta":{"footnotes":""},"tags":[],"class_list":["post-1304","page","type-page","status-publish","hentry"],"_links":{"self":[{"href":"http:\/\/northstar.jkmprojects.com\/fr\/wp-json\/wp\/v2\/pages\/1304","targetHints":{"allow":["GET"]}}],"collection":[{"href":"http:\/\/northstar.jkmprojects.com\/fr\/wp-json\/wp\/v2\/pages"}],"about":[{"href":"http:\/\/northstar.jkmprojects.com\/fr\/wp-json\/wp\/v2\/types\/page"}],"author":[{"embeddable":true,"href":"http:\/\/northstar.jkmprojects.com\/fr\/wp-json\/wp\/v2\/users\/735"}],"replies":[{"embeddable":true,"href":"http:\/\/northstar.jkmprojects.com\/fr\/wp-json\/wp\/v2\/comments?post=1304"}],"version-history":[{"count":1,"href":"http:\/\/northstar.jkmprojects.com\/fr\/wp-json\/wp\/v2\/pages\/1304\/revisions"}],"predecessor-version":[{"id":7419,"href":"http:\/\/northstar.jkmprojects.com\/fr\/wp-json\/wp\/v2\/pages\/1304\/revisions\/7419"}],"wp:attachment":[{"href":"http:\/\/northstar.jkmprojects.com\/fr\/wp-json\/wp\/v2\/media?parent=1304"}],"wp:term":[{"taxonomy":"post_tag","embeddable":true,"href":"http:\/\/northstar.jkmprojects.com\/fr\/wp-json\/wp\/v2\/tags?post=1304"}],"curies":[{"name":"wp","href":"https:\/\/api.w.org\/{rel}","templated":true}]}}